{"id":271,"date":"2017-03-29T20:50:51","date_gmt":"2017-03-29T19:50:51","guid":{"rendered":"http:\/\/turisztika.kaposvar\/?page_id=271"},"modified":"2021-06-28T14:46:32","modified_gmt":"2021-06-28T13:46:32","slug":"szallashelyek","status":"publish","type":"page","link":"https:\/\/vendeg.kaposvar.hu\/hu\/szallashelyek\/","title":{"rendered":"Sz\u00e1ll\u00e1shelyek"},"content":{"rendered":"<p><\/p>\n<h2 class=\"kv-page-content-paragraph kv-page-content-title\">Sz\u00e1llod\u00e1k<\/h2>\n<div class=\"kv-page-content-paragraph kv-page-margin-05\">\u00a0<\/div>\n<h3 class=\"kv-page-content-paragraph kv-page-content-subtitle\">Hotel Dorottya ****<\/h3>\n<p class=\"kv-page-content-paragraph\">7400 Kaposv\u00e1r, Sz\u00e9chenyi t\u00e9r 8.<br \/>\nTelefon: +36 (82) 529 780<br \/>\nE-mail: <a href=\"mailto:info@hoteldorottya.hu\" target=\"_blank\" rel=\"noopener noreferrer\">info@hoteldorottya.hu<\/a><br \/>\nHonlap: <a href=\"http:\/\/www.hoteldorottya.hu\" target=\"_blank\" rel=\"noopener noreferrer\">www.hoteldorottya.hu<\/a><br \/>\nGPS: 46.356902, 17.794078<\/p>\n<div class=\"kv-page-content-paragraph kv-page-margin-05\">\u00a0<\/div>\n<h3 class=\"kv-page-content-paragraph kv-page-content-subtitle\">Kapos Hotel ***<\/h3>\n<p class=\"kv-page-content-paragraph\">7400 Kaposv\u00e1r, Kossuth t\u00e9r<br \/>\nTelefon: +36 (82) 510 279<br \/>\nE-mail: <a href=\"mailto:info@kaposhotel.hu\" target=\"_blank\" rel=\"noopener noreferrer\">info@kaposhotel.hu<\/a><br \/>\nHonlap: <a href=\"http:\/\/www.kaposhotel.hu\" target=\"_blank\" rel=\"noopener noreferrer\">www.kaposhotel.hu<\/a><br \/>\nGPS: 46.356669, 17.788184<\/p>\n<div class=\"kv-page-content-paragraph kv-page-margin-1\">\u00a0<\/div>\n<h2 class=\"kv-page-content-paragraph kv-page-content-title\">Panzi\u00f3k \u00e9s vend\u00e9gh\u00e1zak<\/h2>\n<div class=\"kv-page-content-paragraph kv-page-margin-05\">\u00a0<\/div>\n<h3 class=\"kv-page-content-paragraph kv-page-content-subtitle\">B\u00e1r\u00e1ny Fogad\u00f3<\/h3>\n<p class=\"kv-page-content-paragraph\">7400 Kaposv\u00e1r, V\u00e1rosh\u00e1z utca 4.<br \/>\nTelefon: +36 (82) 527 600, +36 (30) 916 4755<br \/>\nE-mail: <a href=\"mailto:baranyfogado@gmail.com\" target=\"_blank\" rel=\"noopener noreferrer\">baranyfogado@gmail.com<\/a><br \/>\nHonlap: <a href=\"http:\/\/www.baranyfogado.hu\" target=\"_blank\" rel=\"noopener noreferrer\">www.baranyfogado.hu<\/a><br \/>\nGPS: 46.355575, 17.789699<\/p>\n<div class=\"kv-page-content-paragraph kv-page-margin-05\">\u00a0<\/div>\n<h3 class=\"kv-page-content-paragraph kv-page-content-subtitle\">Csalog\u00e1ny Panzi\u00f3<\/h3>\n<p class=\"kv-page-content-paragraph\">7400 Kaposv\u00e1r, Csalog\u00e1ny utca 70.<br \/>\nTelefon: +36 (20) 803 2022,\u00a006 (20) 967 2205<br \/>\nE-mail: <a href=\"mailto:csalogany01@t-online.hu\" target=\"_blank\" rel=\"noopener noreferrer\">csalogany01@t-online.hu<\/a><br \/>\nHonlap: <a href=\"http:\/\/www.csaloganypanzio.hu\" target=\"_blank\" rel=\"noopener noreferrer\">www.csaloganypanzio.hu<\/a><br \/>\nGPS: 46.344299, 17.808983<\/p>\n<div class=\"kv-page-content-paragraph kv-page-margin-05\">\u00a0<\/div>\n<h3 class=\"kv-page-content-paragraph kv-page-content-subtitle\">Deseda Panzi\u00f3<\/h3>\n<p class=\"kv-page-content-paragraph\">7400 Kaposv\u00e1r, Kemping utca 47.<br \/>\nTelefon: +36 (30) 298 0298, +36 (82) 413 238<br \/>\nE-mail: <a href=\"mailto:deseda@desedapanzio.hu\" target=\"_blank\" rel=\"noopener noreferrer\">deseda@desedapanzio.hu<\/a><br \/>\nHonlap: www.desedapanzio.hu<br \/>\nGPS: 46.356669, 17.788184<\/p>\n<div class=\"kv-page-content-paragraph kv-page-margin-05\">\u00a0<\/div>\n<h3 class=\"kv-page-content-paragraph kv-page-content-subtitle\">Golf \u00c9tterem \u00e9s Panzi\u00f3<\/h3>\n<p class=\"kv-page-content-paragraph\">7400 Kaposv\u00e1r, Dr. Kaposv\u00e1ry Gy\u00f6rgy utca 2.<br \/>\nTelefon: +36 (82) 310 481, +36 (30) 989 82 23<br \/>\nE-mail: <a href=\"mailto:info@golf-panzio.hu\" target=\"_blank\" rel=\"noopener noreferrer\">info@golf-panzio.hu<\/a><br \/>\nHonlap: <a href=\"http:\/\/www.golf-panzio.hu\" target=\"_blank\" rel=\"noopener noreferrer\">www.golf-panzio.hu<\/a><br \/>\nGPS: 46.359101, 17.780535<\/p>\n<div class=\"kv-page-content-paragraph kv-page-margin-05\">\u00a0<\/div>\n<h3 class=\"kv-page-content-paragraph kv-page-content-subtitle\">Laetitia Panzi\u00f3 ***<\/h3>\n<p class=\"kv-page-content-paragraph\">7400 Kaposv\u00e1r, Kossuth Lajos utca 22.<br \/>\nTelefon\/fax: +36 (82) 429 024, +36 (82) 415 651, +36 (70) 631 8972<br \/>\nE-mail: <a href=\"mailto:info@laetitia.hu\" target=\"_blank\" rel=\"noopener noreferrer\">info@laetitia.hu<\/a><br \/>\nHonlap: <a href=\"http:\/\/www.laetitia.hu\" target=\"_blank\" rel=\"noopener noreferrer\">www.laetitia.hu<\/a><br \/>\nGPS: 46.359303, 17.791444<\/p>\n<div class=\"kv-page-content-paragraph kv-page-margin-05\">\u00a0<\/div>\n<h3 class=\"kv-page-content-paragraph kv-page-content-subtitle\">Nett Panzi\u00f3<\/h3>\n<p class=\"kv-page-content-paragraph\">7400 Kaposv\u00e1r, Talli\u00e1n Gyula utca 53.<br \/>\nTelefon: +36 (82) 419 168<br \/>\nGPS: 46.363015, 17.797463<\/p>\n<div class=\"kv-page-content-paragraph kv-page-margin-05\">\u00a0<\/div>\n<h3 class=\"kv-page-content-paragraph kv-page-content-subtitle\">P\u00e1lma Panzi\u00f3 ****<\/h3>\n<p class=\"kv-page-content-paragraph\">7400 Kaposv\u00e1r, Sz\u00e9chenyi t\u00e9r 6.<br \/>\nTelefon: +36 (82) 222 068<br \/>\nE-mail: <a href=\"mailto:recepcio@palmapanzio.com\" target=\"_blank\" rel=\"noopener noreferrer\">recepcio@palmapanzio.com<\/a><br \/>\nHonlap: <a href=\"http:\/\/www.palmapanzio.com\" target=\"_blank\" rel=\"noopener noreferrer\">www.palmapanzio.com<\/a><br \/>\nGPS: 46.357843, 17.795126<\/p>\n<div class=\"kv-page-content-paragraph kv-page-margin-05\">\u00a0<\/div>\n<h3 class=\"kv-page-content-paragraph kv-page-content-subtitle\">Pergola Vend\u00e9gh\u00e1z<\/h3>\n<p class=\"kv-page-content-paragraph\">7400 Kaposv\u00e1r, Ady Endre utca 15.<br \/>\nTelefon: +36 (82) 411 130<br \/>\nE-mail: <a href=\"mailto:info@vicolohaz.hu\" target=\"_blank\" rel=\"noopener noreferrer\">info@vicolohaz.hu<\/a><br \/>\nHonlap: <a href=\"http:\/\/www.vicolohaz.hu\" target=\"_blank\" rel=\"noopener noreferrer\">www.vicolohaz.hu<\/a><br \/>\nGPS: 46.356021, 17.786380<\/p>\n<div class=\"kv-page-content-paragraph kv-page-margin-05\">\u00a0<\/div>\n<h3 class=\"kv-page-content-paragraph kv-page-content-subtitle\">Prestige Apartman<\/h3>\n<p class=\"kv-page-content-paragraph\">7400 Kaposv\u00e1r, Ady Endre utca 9.<br \/>\nTelefon: +36 (82) 411 130<br \/>\nE-mail: <a href=\"mailto:info@vicolohaz.hu\" target=\"_blank\" rel=\"noopener noreferrer\">info@vicolohaz.hu<\/a><br \/>\nHonlap: <a href=\"http:\/\/www.vicolohaz.hu\" target=\"_blank\" rel=\"noopener noreferrer\">www.vicolohaz.hu<\/a><br \/>\nGPS: 46.356205, 17.786979<\/p>\n<div class=\"kv-page-content-paragraph kv-page-margin-05\">\u00a0<\/div>\n<h3 class=\"kv-page-content-paragraph kv-page-content-subtitle\">Tenisz Club Panzi\u00f3 \u00e9s \u00c9tterem<\/h3>\n<p class=\"kv-page-content-paragraph\">7400 Kaposv\u00e1r, Isz\u00e1k utca 37.<br \/>\nTelefon: +36 (82) 411 832, +36 (30) 978 8754<br \/>\nFax: +36 (82) 412 409<br \/>\nEmail: <a href=\"mailto:rozsa@koert.hu\" target=\"_blank\" rel=\"noopener noreferrer\">rozsa@koert.hu<\/a><br \/>\nHonlap: <a href=\"http:\/\/www.teniszpanzio.hu\" target=\"_blank\" rel=\"noopener noreferrer\">www.teniszpanzio.hu<\/a><br \/>\nGPS: 46.352567, 17.782814<\/p>\n<div class=\"kv-page-content-paragraph kv-page-margin-05\">\u00a0<\/div>\n<h3 class=\"kv-page-content-paragraph kv-page-content-subtitle\">Turul \u00c9tterem \u00e9s Panzi\u00f3<\/h3>\n<p class=\"kv-page-content-paragraph\">7400 Kaposv\u00e1r, Kisfaludy utca 9.<br \/>\nTelefon: +36 (82) 417 014<br \/>\nE-mail: <a href=\"mailto:info@turuletterem.hu\" target=\"_blank\" rel=\"noopener noreferrer\">info@turuletterem.hu<\/a><br \/>\nHonlap: <a href=\"http:\/\/www.turuletterem.hu\" target=\"_blank\" rel=\"noopener noreferrer\">www.turuletterem.hu<\/a><br \/>\nGPS: 46.368302, 17.788422<\/p>\n<div class=\"kv-page-content-paragraph kv-page-margin-05\">\u00a0<\/div>\n<h3 class=\"kv-page-content-paragraph kv-page-content-subtitle\">Wellness Panzi\u00f3<\/h3>\n<p class=\"kv-page-content-paragraph\">7400 Kaposv\u00e1r, Puskin utca 24.<br \/>\nTelefon: +36 (82) 416 000<br \/>\nHonlap: <a href=\"http:\/\/www.wellnesspanzio.hu\" target=\"_blank\" rel=\"noopener noreferrer\">www.wellnesspanzio.hu<\/a><br \/>\nGPS: 46.370856, 17.791733<\/p>\n<div class=\"kv-page-content-paragraph kv-page-margin-1\">\u00a0<\/div>\n<h2 class=\"kv-page-content-paragraph kv-page-content-title\">Youth hostelek<\/h2>\n<div class=\"kv-page-content-paragraph kv-page-margin-05\">\u00a0<\/div>\n<h3 class=\"kv-page-content-paragraph kv-page-content-subtitle\">Kaposv\u00e1ri Egyetem Kaffka Margit Koll\u00e9giuma<\/h3>\n<p class=\"kv-page-content-paragraph\">7400 Kaposv\u00e1r, Bajcsy-Zsilinszky utca 6.<br \/>\nTelefon: +36 (82) 502 500, +36 (82) 502 517, +36 (82) 505 833<br \/>\nE-mail: <a href=\"mailto:olsovszky@ke.hu\" target=\"_blank\" rel=\"noopener noreferrer\">olsovszky@ke.hu<\/a><br \/>\nHonlap: <a href=\"http:\/\/www.ke.hu\" target=\"_blank\" rel=\"noopener noreferrer\">www.ke.hu<\/a><br \/>\nGPS: 46.358513, 17.789188<\/p>\n<div class=\"kv-page-content-paragraph kv-page-margin-05\">\u00a0<\/div>\n<h3 class=\"kv-page-content-paragraph kv-page-content-subtitle\">Kaposv\u00e1ri Egyetem \u00daj Koll\u00e9giuma<\/h3>\n<p class=\"kv-page-content-paragraph\">7400 Kaposv\u00e1r, Guba S\u00e1ndor utca 40.<br \/>\nTelefon: +36 (82) 505 832, +36 (82) 505-833<br \/>\nE-mail: <a href=\"mailto:olsovszky@ke.hu\" target=\"_blank\" rel=\"noopener noreferrer\">olsovszky@ke.hu<\/a><br \/>\nHonlap: <a href=\"http:\/\/www.ke.hu\" target=\"_blank\" rel=\"noopener noreferrer\">www.ke.hu<\/a><br \/>\nGPS: 46.386186, 17.834924<\/p>\n<div class=\"kv-page-content-paragraph kv-page-margin-05\">\u00a0<\/div>\n<h3 class=\"kv-page-content-paragraph kv-page-content-subtitle\">Kaposv\u00e1ri Egyetem Csuk\u00e1s Zolt\u00e1n Koll\u00e9giuma<\/h3>\n<p class=\"kv-page-content-paragraph\">7400 Kaposv\u00e1r, Guba S\u00e1ndor utca 40.<br \/>\nTelefon: +36 82 505 832, 505-833<br \/>\nE-mail: <a href=\"mailto:olsovszky@ke.hu\" target=\"_blank\" rel=\"noopener noreferrer\">olsovszky@ke.hu<\/a><br \/>\nHonlap: <a href=\"http:\/\/www.ke.hu\" target=\"_blank\" rel=\"noopener noreferrer\">www.ke.hu<\/a><br \/>\nGPS: 46.386186, 17.834924<\/p>\n<div class=\"kv-page-content-paragraph kv-page-margin-05\">\u00a0<\/div>\n<h3 class=\"kv-page-content-paragraph kv-page-content-subtitle\">PTE-ETK Kaposv\u00e1ri K\u00e9pz\u00e9si K\u00f6zpont Koll\u00e9giuma<\/h3>\n<p class=\"kv-page-content-paragraph\">7400 Kaposv\u00e1r, Szent Imre u. 14\/b<br \/>\nTelefon: +36 82 529-956<br \/>\nE-mail: <a href=\"mailto:szallas.kaposvar@etk.pte.hu\" target=\"_blank\" rel=\"noopener noreferrer\">szallas.kaposvar@etk.pte.hu<\/a><br \/>\nHonlap: <a href=\"http:\/\/etk.pte.hu\/bemutatkozas\/a-karrol-altalaban\/kollegiumok\" target=\"_blank\" rel=\"noopener noreferrer\">etk.pte.hu<\/a><br \/>\nGPS: 46.386186, 17.834924<\/p>\n<div class=\"kv-page-content-paragraph kv-page-margin-1\">\u00a0<\/div>\n<h2 class=\"kv-page-content-paragraph kv-page-content-title\">Mag\u00e1nsz\u00e1ll\u00e1sok<\/h2>\n<div class=\"kv-page-content-paragraph kv-page-margin-05\">\u00a0<\/div>\n<h3 class=\"kv-page-content-paragraph kv-page-content-subtitle\">\u00c1d\u00e1m\u2013\u00c9va Apartman<\/h3>\n<p class=\"kv-page-content-paragraph\">7400 Kaposv\u00e1r, Teleki utca 16\u201318. I\/1.<br \/>\nTelefon: +36 (30) 974 9447 (T\u00f3th P\u00e9ter)<br \/>\nE-mail: <a href=\"mailto:trixylon@freemail.hu\">trixylon@freemail.hu<\/a><br \/>\nHonlap: <a href=\"http:\/\/www.adameva.kapos-net.hu\" target=\"_blank\" rel=\"noopener noreferrer\">www.adameva.kapos-net.hu<\/a><br \/>\nGPS: 46.355087N, 17.790829E<\/p>\n<div class=\"kv-page-content-paragraph kv-page-margin-05\">\u00a0<\/div>\n<h3 class=\"kv-page-content-paragraph kv-page-content-subtitle\">Cs\u00e1sz\u00e1r Vend\u00e9gh\u00e1z<\/h3>\n<p class=\"kv-page-content-paragraph\">7400 Kaposv\u00e1r, Besz\u00e9des J\u00f3zsef utca 60.<br \/>\nTelefon: +36 (70) 632 1921 (Cs\u00e1sz\u00e1r Val\u00e9ria)<br \/>\nE-mail: <a href=\"mailto:csaszarhaz@gmail.com\">csaszarhaz@gmail.com<\/a><br \/>\nHonlap: <a href=\"http:\/\/csaszarhaz.atw.hu\" target=\"_blank\" rel=\"noopener noreferrer\">csaszarhaz.atw.hu<\/a><br \/>\nGPS: 46.356669, 17.788184<\/p>\n<div class=\"kv-page-content-paragraph kv-page-margin-05\">\u00a0<\/div>\n<h3 class=\"kv-page-content-paragraph kv-page-content-subtitle\">\u00c9va Panzi\u00f3<\/h3>\n<p class=\"kv-page-content-paragraph\">7400 Kaposv\u00e1r, Sz\u00e1nt\u00f3 utca 6.<br \/>\nTelefon: \u00a0+36 (30) 858 9940<br \/>\nHonlap: <a href=\"http:\/\/panzioeva.x3.hu\" target=\"_blank\" rel=\"noopener noreferrer\">panzioeva.x3.hu<\/a><br \/>\nGPS: 46.356669, 17.788184<\/p>\n<div class=\"kv-page-content-paragraph kv-page-margin-05\">\u00a0<\/div>\n<h3 class=\"kv-page-content-paragraph kv-page-content-subtitle\">Habermayer Vend\u00e9gh\u00e1z<\/h3>\n<p class=\"kv-page-content-paragraph\">7400 Kaposv\u00e1r, Buzs\u00e1ki utca 17.<br \/>\nTelefon: +36 (70) 244 2255<br \/>\nGPS: 46.356669, 17.788184<\/p>\n<div class=\"kv-page-content-paragraph kv-page-margin-05\">\u00a0<\/div>\n<h3 class=\"kv-page-content-paragraph kv-page-content-subtitle\">Mozsgay Vend\u00e9gh\u00e1z<\/h3>\n<p class=\"kv-page-content-paragraph\">7400 Kaposv\u00e1r, Hegyi utca 25.<br \/>\nTelefon: +36 (82) 821 194, +36 (30) 660 9036 (Dr. Mozsgay G\u00e9z\u00e1n\u00e9)<br \/>\nE-mail: <a href=\"mailto:mozsgaygezane@freemail.hu\" target=\"_blank\" rel=\"noopener noreferrer\">mozsgaygezane@freemail.hu<\/a><br \/>\nGPS: 46.356669, 17.788184<\/p>\n<div class=\"kv-page-content-paragraph kv-page-margin-05\">\u00a0<\/div>\n<h3 class=\"kv-page-content-paragraph kv-page-content-subtitle\">Z\u00f6ldike Vend\u00e9gh\u00e1z<\/h3>\n<p class=\"kv-page-content-paragraph\">7400 Kaposv\u00e1r, Kisr\u00f3mahegyi utca 21.<br \/>\nTelefon: +36 (30) 620 0913<br \/>\nEmail: <a href=\"mailto:szinizita@gmail.com\" target=\"_blank\" rel=\"noopener noreferrer\">szinizita@gmail.com<\/a><br \/>\nGPS: 46.356669, 17.788184<\/p>\n<div class=\"kv-page-content-paragraph kv-page-margin-05\">\u00a0<\/div>\n<div class=\"kv-page-content-paragraph kv-page-margin-1\">\u00a0<\/div>\n<p><\/p>","protected":false},"excerpt":{"rendered":"<p>Sz\u00e1llod\u00e1k \u00a0 Hotel Dorottya **** 7400 Kaposv\u00e1r, Sz\u00e9chenyi t\u00e9r 8. Telefon: +36 (82) 529 780 E-mail: info@hoteldorottya.hu Honlap: www.hoteldorottya.hu GPS: 46.356902, 17.794078 \u00a0 Kapos Hotel *** 7400 Kaposv\u00e1r, Kossuth t\u00e9r Telefon: +36 (82) 510 279 E-mail: info@kaposhotel.hu Honlap: www.kaposhotel.hu GPS: 46.356669, 17.788184 \u00a0 Panzi\u00f3k \u00e9s vend\u00e9gh\u00e1zak \u00a0 B\u00e1r\u00e1ny Fogad\u00f3 7400 Kaposv\u00e1r, V\u00e1rosh\u00e1z utca 4. Telefon: [&hellip;]<\/p>\n","protected":false},"author":1,"featured_media":311,"parent":0,"menu_order":0,"comment_status":"closed","ping_status":"closed","template":"","meta":[],"acf":[],"yoast_head":"<!-- This site is optimized with the Yoast SEO plugin v19.8 - https:\/\/yoast.com\/wordpress\/plugins\/seo\/ -->\n<title>Sz\u00e1ll\u00e1shelyek - Kaposv\u00e1r Megyei Jog\u00fa V\u00e1ros<\/title>\n<meta name=\"robots\" content=\"index, follow, max-snippet:-1, max-image-preview:large, max-video-preview:-1\" \/>\n<link rel=\"canonical\" href=\"https:\/\/vendeg.kaposvar.hu\/hu\/szallashelyek\/\" \/>\n<meta property=\"og:locale\" content=\"hu_HU\" \/>\n<meta property=\"og:type\" content=\"article\" \/>\n<meta property=\"og:title\" content=\"Sz\u00e1ll\u00e1shelyek - Kaposv\u00e1r Megyei Jog\u00fa V\u00e1ros\" \/>\n<meta property=\"og:description\" content=\"Sz\u00e1llod\u00e1k \u00a0 Hotel Dorottya **** 7400 Kaposv\u00e1r, Sz\u00e9chenyi t\u00e9r 8. Telefon: +36 (82) 529 780 E-mail: info@hoteldorottya.hu Honlap: www.hoteldorottya.hu GPS: 46.356902, 17.794078 \u00a0 Kapos Hotel *** 7400 Kaposv\u00e1r, Kossuth t\u00e9r Telefon: +36 (82) 510 279 E-mail: info@kaposhotel.hu Honlap: www.kaposhotel.hu GPS: 46.356669, 17.788184 \u00a0 Panzi\u00f3k \u00e9s vend\u00e9gh\u00e1zak \u00a0 B\u00e1r\u00e1ny Fogad\u00f3 7400 Kaposv\u00e1r, V\u00e1rosh\u00e1z utca 4. Telefon: [&hellip;]\" \/>\n<meta property=\"og:url\" content=\"https:\/\/vendeg.kaposvar.hu\/hu\/szallashelyek\/\" \/>\n<meta property=\"og:site_name\" content=\"Kaposv\u00e1r Megyei Jog\u00fa V\u00e1ros\" \/>\n<meta property=\"article:publisher\" content=\"https:\/\/www.facebook.com\/cityofkaposvar\/\" \/>\n<meta property=\"article:modified_time\" content=\"2021-06-28T13:46:32+00:00\" \/>\n<meta property=\"og:image\" content=\"https:\/\/vendeg.kaposvar.hu\/wp-content\/uploads\/2017\/02\/szines_hazak_pinter_romeo.jpg\" \/>\n\t<meta property=\"og:image:width\" content=\"2048\" \/>\n\t<meta property=\"og:image:height\" content=\"1365\" \/>\n\t<meta property=\"og:image:type\" content=\"image\/jpeg\" \/>\n<meta name=\"twitter:card\" content=\"summary_large_image\" \/>\n<meta name=\"twitter:label1\" content=\"Becs\u00fclt olvas\u00e1si id\u0151\" \/>\n\t<meta name=\"twitter:data1\" content=\"2 perc\" \/>\n<script type=\"application\/ld+json\" class=\"yoast-schema-graph\">{\"@context\":\"https:\/\/schema.org\",\"@graph\":[{\"@type\":\"WebPage\",\"@id\":\"https:\/\/vendeg.kaposvar.hu\/hu\/szallashelyek\/\",\"url\":\"https:\/\/vendeg.kaposvar.hu\/hu\/szallashelyek\/\",\"name\":\"Sz\u00e1ll\u00e1shelyek - Kaposv\u00e1r Megyei Jog\u00fa V\u00e1ros\",\"isPartOf\":{\"@id\":\"https:\/\/vendeg.kaposvar.hu\/hu\/#website\"},\"datePublished\":\"2017-03-29T19:50:51+00:00\",\"dateModified\":\"2021-06-28T13:46:32+00:00\",\"breadcrumb\":{\"@id\":\"https:\/\/vendeg.kaposvar.hu\/hu\/szallashelyek\/#breadcrumb\"},\"inLanguage\":\"hu\",\"potentialAction\":[{\"@type\":\"ReadAction\",\"target\":[[\"https:\/\/vendeg.kaposvar.hu\/hu\/szallashelyek\/\"]]}]},{\"@type\":\"BreadcrumbList\",\"@id\":\"https:\/\/vendeg.kaposvar.hu\/hu\/szallashelyek\/#breadcrumb\",\"itemListElement\":[{\"@type\":\"ListItem\",\"position\":1,\"name\":\"Home\",\"item\":\"https:\/\/vendeg.kaposvar.hu\/hu\/\"},{\"@type\":\"ListItem\",\"position\":2,\"name\":\"Sz\u00e1ll\u00e1shelyek\"}]},{\"@type\":\"WebSite\",\"@id\":\"https:\/\/vendeg.kaposvar.hu\/hu\/#website\",\"url\":\"https:\/\/vendeg.kaposvar.hu\/hu\/\",\"name\":\"Kaposv\u00e1r Megyei Jog\u00fa V\u00e1ros\",\"description\":\"\",\"publisher\":{\"@id\":\"https:\/\/vendeg.kaposvar.hu\/hu\/#organization\"},\"potentialAction\":[{\"@type\":\"SearchAction\",\"target\":{\"@type\":\"EntryPoint\",\"urlTemplate\":\"https:\/\/vendeg.kaposvar.hu\/hu\/?s={search_term_string}\"},\"query-input\":\"required name=search_term_string\"}],\"inLanguage\":\"hu\"},{\"@type\":\"Organization\",\"@id\":\"https:\/\/vendeg.kaposvar.hu\/hu\/#organization\",\"name\":\"Kaposv\u00e1r Megyei Jog\u00fa V\u00e1ros\",\"url\":\"https:\/\/vendeg.kaposvar.hu\/hu\/\",\"sameAs\":[\"https:\/\/www.instagram.com\/cityofkaposvar\/\",\"https:\/\/www.facebook.com\/cityofkaposvar\/\"],\"logo\":{\"@type\":\"ImageObject\",\"inLanguage\":\"hu\",\"@id\":\"https:\/\/vendeg.kaposvar.hu\/hu\/#\/schema\/logo\/image\/\",\"url\":\"https:\/\/vendeg.kaposvar.hu\/wp-content\/uploads\/2021\/10\/kaposvar_social.jpg\",\"contentUrl\":\"https:\/\/vendeg.kaposvar.hu\/wp-content\/uploads\/2021\/10\/kaposvar_social.jpg\",\"width\":1200,\"height\":900,\"caption\":\"Kaposv\u00e1r Megyei Jog\u00fa V\u00e1ros\"},\"image\":{\"@id\":\"https:\/\/vendeg.kaposvar.hu\/hu\/#\/schema\/logo\/image\/\"}}]}<\/script>\n<!-- \/ Yoast SEO plugin. -->","yoast_head_json":{"title":"Sz\u00e1ll\u00e1shelyek - Kaposv\u00e1r Megyei Jog\u00fa V\u00e1ros","robots":{"index":"index","follow":"follow","max-snippet":"max-snippet:-1","max-image-preview":"max-image-preview:large","max-video-preview":"max-video-preview:-1"},"canonical":"https:\/\/vendeg.kaposvar.hu\/hu\/szallashelyek\/","og_locale":"hu_HU","og_type":"article","og_title":"Sz\u00e1ll\u00e1shelyek - Kaposv\u00e1r Megyei Jog\u00fa V\u00e1ros","og_description":"Sz\u00e1llod\u00e1k \u00a0 Hotel Dorottya **** 7400 Kaposv\u00e1r, Sz\u00e9chenyi t\u00e9r 8. Telefon: +36 (82) 529 780 E-mail: info@hoteldorottya.hu Honlap: www.hoteldorottya.hu GPS: 46.356902, 17.794078 \u00a0 Kapos Hotel *** 7400 Kaposv\u00e1r, Kossuth t\u00e9r Telefon: +36 (82) 510 279 E-mail: info@kaposhotel.hu Honlap: www.kaposhotel.hu GPS: 46.356669, 17.788184 \u00a0 Panzi\u00f3k \u00e9s vend\u00e9gh\u00e1zak \u00a0 B\u00e1r\u00e1ny Fogad\u00f3 7400 Kaposv\u00e1r, V\u00e1rosh\u00e1z utca 4. Telefon: [&hellip;]","og_url":"https:\/\/vendeg.kaposvar.hu\/hu\/szallashelyek\/","og_site_name":"Kaposv\u00e1r Megyei Jog\u00fa V\u00e1ros","article_publisher":"https:\/\/www.facebook.com\/cityofkaposvar\/","article_modified_time":"2021-06-28T13:46:32+00:00","og_image":[{"width":2048,"height":1365,"url":"https:\/\/vendeg.kaposvar.hu\/wp-content\/uploads\/2017\/02\/szines_hazak_pinter_romeo.jpg","type":"image\/jpeg"}],"twitter_card":"summary_large_image","twitter_misc":{"Becs\u00fclt olvas\u00e1si id\u0151":"2 perc"},"schema":{"@context":"https:\/\/schema.org","@graph":[{"@type":"WebPage","@id":"https:\/\/vendeg.kaposvar.hu\/hu\/szallashelyek\/","url":"https:\/\/vendeg.kaposvar.hu\/hu\/szallashelyek\/","name":"Sz\u00e1ll\u00e1shelyek - Kaposv\u00e1r Megyei Jog\u00fa V\u00e1ros","isPartOf":{"@id":"https:\/\/vendeg.kaposvar.hu\/hu\/#website"},"datePublished":"2017-03-29T19:50:51+00:00","dateModified":"2021-06-28T13:46:32+00:00","breadcrumb":{"@id":"https:\/\/vendeg.kaposvar.hu\/hu\/szallashelyek\/#breadcrumb"},"inLanguage":"hu","potentialAction":[{"@type":"ReadAction","target":[["https:\/\/vendeg.kaposvar.hu\/hu\/szallashelyek\/"]]}]},{"@type":"BreadcrumbList","@id":"https:\/\/vendeg.kaposvar.hu\/hu\/szallashelyek\/#breadcrumb","itemListElement":[{"@type":"ListItem","position":1,"name":"Home","item":"https:\/\/vendeg.kaposvar.hu\/hu\/"},{"@type":"ListItem","position":2,"name":"Sz\u00e1ll\u00e1shelyek"}]},{"@type":"WebSite","@id":"https:\/\/vendeg.kaposvar.hu\/hu\/#website","url":"https:\/\/vendeg.kaposvar.hu\/hu\/","name":"Kaposv\u00e1r Megyei Jog\u00fa V\u00e1ros","description":"","publisher":{"@id":"https:\/\/vendeg.kaposvar.hu\/hu\/#organization"},"potentialAction":[{"@type":"SearchAction","target":{"@type":"EntryPoint","urlTemplate":"https:\/\/vendeg.kaposvar.hu\/hu\/?s={search_term_string}"},"query-input":"required name=search_term_string"}],"inLanguage":"hu"},{"@type":"Organization","@id":"https:\/\/vendeg.kaposvar.hu\/hu\/#organization","name":"Kaposv\u00e1r Megyei Jog\u00fa V\u00e1ros","url":"https:\/\/vendeg.kaposvar.hu\/hu\/","sameAs":["https:\/\/www.instagram.com\/cityofkaposvar\/","https:\/\/www.facebook.com\/cityofkaposvar\/"],"logo":{"@type":"ImageObject","inLanguage":"hu","@id":"https:\/\/vendeg.kaposvar.hu\/hu\/#\/schema\/logo\/image\/","url":"https:\/\/vendeg.kaposvar.hu\/wp-content\/uploads\/2021\/10\/kaposvar_social.jpg","contentUrl":"https:\/\/vendeg.kaposvar.hu\/wp-content\/uploads\/2021\/10\/kaposvar_social.jpg","width":1200,"height":900,"caption":"Kaposv\u00e1r Megyei Jog\u00fa V\u00e1ros"},"image":{"@id":"https:\/\/vendeg.kaposvar.hu\/hu\/#\/schema\/logo\/image\/"}}]}},"_links":{"self":[{"href":"https:\/\/vendeg.kaposvar.hu\/hu\/wp-json\/wp\/v2\/pages\/271"}],"collection":[{"href":"https:\/\/vendeg.kaposvar.hu\/hu\/wp-json\/wp\/v2\/pages"}],"about":[{"href":"https:\/\/vendeg.kaposvar.hu\/hu\/wp-json\/wp\/v2\/types\/page"}],"author":[{"embeddable":true,"href":"https:\/\/vendeg.kaposvar.hu\/hu\/wp-json\/wp\/v2\/users\/1"}],"replies":[{"embeddable":true,"href":"https:\/\/vendeg.kaposvar.hu\/hu\/wp-json\/wp\/v2\/comments?post=271"}],"version-history":[{"count":10,"href":"https:\/\/vendeg.kaposvar.hu\/hu\/wp-json\/wp\/v2\/pages\/271\/revisions"}],"predecessor-version":[{"id":845,"href":"https:\/\/vendeg.kaposvar.hu\/hu\/wp-json\/wp\/v2\/pages\/271\/revisions\/845"}],"wp:featuredmedia":[{"embeddable":true,"href":"https:\/\/vendeg.kaposvar.hu\/hu\/wp-json\/wp\/v2\/media\/311"}],"wp:attachment":[{"href":"https:\/\/vendeg.kaposvar.hu\/hu\/wp-json\/wp\/v2\/media?parent=271"}],"curies":[{"name":"wp","href":"https:\/\/api.w.org\/{rel}","templated":true}]}}